{"id":305,"date":"2026-02-11T01:04:10","date_gmt":"2026-02-11T01:04:10","guid":{"rendered":"https:\/\/plasticosjalmex.mx\/?post_type=product&#038;p=305"},"modified":"2026-03-10T03:31:56","modified_gmt":"2026-03-10T03:31:56","slug":"envase-tarro-350-ml-r63-blanco","status":"publish","type":"product","link":"https:\/\/plasticosjalmex.mx\/index.php\/producto\/envase-tarro-350-ml-r63-blanco\/","title":{"rendered":"Envase Tarro 350 ml R63 blanco"},"content":{"rendered":"<p><strong>Es ideal para el envasado de productos cosm\u00e9ticos, farmac\u00e9uticos, alimenticios e industriales<\/strong><br \/>\n Su boca ancha facilita el llenado y la extracci\u00f3n del contenido, siendo perfecto para cremas, ung\u00fcentos, pomadas, suplementos en polvo, dulces, salsas y m\u00e1s.<\/p>\n","protected":false},"excerpt":{"rendered":"<p><strong>Es ideal para el envasado de productos cosm\u00e9ticos, farmac\u00e9uticos, alimenticios e industriales<\/strong><br \/>\n Su boca ancha facilita el llenado y la extracci\u00f3n del contenido, siendo perfecto para cremas, ung\u00fcentos, pomadas, suplementos en polvo, dulces, salsas y m\u00e1s.<\/p>\n","protected":false},"featured_media":387,"comment_status":"open","ping_status":"closed","template":"","meta":[],"product_brand":[],"product_cat":[32,30,35,33],"product_tag":[],"class_list":{"0":"post-305","1":"product","2":"type-product","3":"status-publish","4":"has-post-thumbnail","6":"product_cat-alimentos-2","7":"product_cat-cosmetica-2","8":"product_cat-farmaceutica","9":"product_cat-industrial-2","11":"first","12":"instock","13":"shipping-taxable","14":"product-type-simple"},"jetpack_sharing_enabled":true,"_links":{"self":[{"href":"https:\/\/plasticosjalmex.mx\/index.php\/wp-json\/wp\/v2\/product\/305","targetHints":{"allow":["GET"]}}],"collection":[{"href":"https:\/\/plasticosjalmex.mx\/index.php\/wp-json\/wp\/v2\/product"}],"about":[{"href":"https:\/\/plasticosjalmex.mx\/index.php\/wp-json\/wp\/v2\/types\/product"}],"replies":[{"embeddable":true,"href":"https:\/\/plasticosjalmex.mx\/index.php\/wp-json\/wp\/v2\/comments?post=305"}],"wp:featuredmedia":[{"embeddable":true,"href":"https:\/\/plasticosjalmex.mx\/index.php\/wp-json\/wp\/v2\/media\/387"}],"wp:attachment":[{"href":"https:\/\/plasticosjalmex.mx\/index.php\/wp-json\/wp\/v2\/media?parent=305"}],"wp:term":[{"taxonomy":"product_brand","embeddable":true,"href":"https:\/\/plasticosjalmex.mx\/index.php\/wp-json\/wp\/v2\/product_brand?post=305"},{"taxonomy":"product_cat","embeddable":true,"href":"https:\/\/plasticosjalmex.mx\/index.php\/wp-json\/wp\/v2\/product_cat?post=305"},{"taxonomy":"product_tag","embeddable":true,"href":"https:\/\/plasticosjalmex.mx\/index.php\/wp-json\/wp\/v2\/product_tag?post=305"}],"curies":[{"name":"wp","href":"https:\/\/api.w.org\/{rel}","templated":true}]}}