{"id":289,"date":"2026-02-11T00:30:21","date_gmt":"2026-02-11T00:30:21","guid":{"rendered":"https:\/\/plasticosjalmex.mx\/?post_type=product&#038;p=289"},"modified":"2026-03-10T02:46:14","modified_gmt":"2026-03-10T02:46:14","slug":"envase-gotero-30-ml-ambar","status":"publish","type":"product","link":"https:\/\/plasticosjalmex.mx\/index.php\/producto\/envase-gotero-30-ml-ambar\/","title":{"rendered":"Envase Gotero 30 ml \u00e1mbar"},"content":{"rendered":"<p>Es ideal para sueros, aceites, esencias y productos farmac\u00e9uticos que requieren dosificaci\u00f3n exacta.<\/p>\n","protected":false},"excerpt":{"rendered":"<p>Es ideal para sueros, aceites, esencias y productos farmac\u00e9uticos que requieren dosificaci\u00f3n exacta.<\/p>\n","protected":false},"featured_media":380,"comment_status":"open","ping_status":"closed","template":"","meta":[],"product_brand":[],"product_cat":[35],"product_tag":[],"class_list":{"0":"post-289","1":"product","2":"type-product","3":"status-publish","4":"has-post-thumbnail","6":"product_cat-farmaceutica","8":"first","9":"instock","10":"shipping-taxable","11":"product-type-simple"},"jetpack_sharing_enabled":true,"_links":{"self":[{"href":"https:\/\/plasticosjalmex.mx\/index.php\/wp-json\/wp\/v2\/product\/289","targetHints":{"allow":["GET"]}}],"collection":[{"href":"https:\/\/plasticosjalmex.mx\/index.php\/wp-json\/wp\/v2\/product"}],"about":[{"href":"https:\/\/plasticosjalmex.mx\/index.php\/wp-json\/wp\/v2\/types\/product"}],"replies":[{"embeddable":true,"href":"https:\/\/plasticosjalmex.mx\/index.php\/wp-json\/wp\/v2\/comments?post=289"}],"wp:featuredmedia":[{"embeddable":true,"href":"https:\/\/plasticosjalmex.mx\/index.php\/wp-json\/wp\/v2\/media\/380"}],"wp:attachment":[{"href":"https:\/\/plasticosjalmex.mx\/index.php\/wp-json\/wp\/v2\/media?parent=289"}],"wp:term":[{"taxonomy":"product_brand","embeddable":true,"href":"https:\/\/plasticosjalmex.mx\/index.php\/wp-json\/wp\/v2\/product_brand?post=289"},{"taxonomy":"product_cat","embeddable":true,"href":"https:\/\/plasticosjalmex.mx\/index.php\/wp-json\/wp\/v2\/product_cat?post=289"},{"taxonomy":"product_tag","embeddable":true,"href":"https:\/\/plasticosjalmex.mx\/index.php\/wp-json\/wp\/v2\/product_tag?post=289"}],"curies":[{"name":"wp","href":"https:\/\/api.w.org\/{rel}","templated":true}]}}