{"id":281,"date":"2026-02-11T00:13:07","date_gmt":"2026-02-11T00:13:07","guid":{"rendered":"https:\/\/plasticosjalmex.mx\/?post_type=product&#038;p=281"},"modified":"2026-03-10T02:28:17","modified_gmt":"2026-03-10T02:28:17","slug":"envase-boston-1-litro-r28-blanco","status":"publish","type":"product","link":"https:\/\/plasticosjalmex.mx\/index.php\/producto\/envase-boston-1-litro-r28-blanco\/","title":{"rendered":"Envase Boston 1 litro R28 Blanco"},"content":{"rendered":"<p>Botella tipo Boston de 1 litro en color blanco con rosca R28, ampliamente utilizada en la industria cosm\u00e9tica, farmac\u00e9utica y qu\u00edmica. Compatible con diferentes tapas y dispensadores.<\/p>\n","protected":false},"excerpt":{"rendered":"<p>Botella tipo Boston de 1 litro en color blanco con rosca R28, ampliamente utilizada en la industria cosm\u00e9tica, farmac\u00e9utica y qu\u00edmica. Compatible con diferentes tapas y dispensadores.<\/p>\n","protected":false},"featured_media":376,"comment_status":"open","ping_status":"closed","template":"","meta":[],"product_brand":[],"product_cat":[30,35,33],"product_tag":[],"class_list":{"0":"post-281","1":"product","2":"type-product","3":"status-publish","4":"has-post-thumbnail","6":"product_cat-cosmetica-2","7":"product_cat-farmaceutica","8":"product_cat-industrial-2","10":"first","11":"instock","12":"shipping-taxable","13":"product-type-simple"},"jetpack_sharing_enabled":true,"_links":{"self":[{"href":"https:\/\/plasticosjalmex.mx\/index.php\/wp-json\/wp\/v2\/product\/281","targetHints":{"allow":["GET"]}}],"collection":[{"href":"https:\/\/plasticosjalmex.mx\/index.php\/wp-json\/wp\/v2\/product"}],"about":[{"href":"https:\/\/plasticosjalmex.mx\/index.php\/wp-json\/wp\/v2\/types\/product"}],"replies":[{"embeddable":true,"href":"https:\/\/plasticosjalmex.mx\/index.php\/wp-json\/wp\/v2\/comments?post=281"}],"wp:featuredmedia":[{"embeddable":true,"href":"https:\/\/plasticosjalmex.mx\/index.php\/wp-json\/wp\/v2\/media\/376"}],"wp:attachment":[{"href":"https:\/\/plasticosjalmex.mx\/index.php\/wp-json\/wp\/v2\/media?parent=281"}],"wp:term":[{"taxonomy":"product_brand","embeddable":true,"href":"https:\/\/plasticosjalmex.mx\/index.php\/wp-json\/wp\/v2\/product_brand?post=281"},{"taxonomy":"product_cat","embeddable":true,"href":"https:\/\/plasticosjalmex.mx\/index.php\/wp-json\/wp\/v2\/product_cat?post=281"},{"taxonomy":"product_tag","embeddable":true,"href":"https:\/\/plasticosjalmex.mx\/index.php\/wp-json\/wp\/v2\/product_tag?post=281"}],"curies":[{"name":"wp","href":"https:\/\/api.w.org\/{rel}","templated":true}]}}