{"id":273,"date":"2026-02-10T23:37:46","date_gmt":"2026-02-10T23:37:46","guid":{"rendered":"https:\/\/plasticosjalmex.mx\/?post_type=product&#038;p=273"},"modified":"2026-03-10T02:02:41","modified_gmt":"2026-03-10T02:02:41","slug":"depresible-150-ml-blanco-con-tapa","status":"publish","type":"product","link":"https:\/\/plasticosjalmex.mx\/index.php\/producto\/depresible-150-ml-blanco-con-tapa\/","title":{"rendered":"Depresible 150 ml blanco con tapa"},"content":{"rendered":"<p><strong>Envase ideal para productos cosm\u00e9ticos, farmac\u00e9uticos y qu\u00edmicos<\/strong><br \/>\n Su dise\u00f1o flexible facilita la dosificaci\u00f3n precisa de cremas, geles y lociones.<br \/>\nFabricado en pl\u00e1stico resistente, es una excelente opci\u00f3n para marcas que buscan envases pr\u00e1cticos y seguros.<\/p>\n","protected":false},"excerpt":{"rendered":"<p><strong>Envase ideal para productos cosm\u00e9ticos, farmac\u00e9uticos y qu\u00edmicos<\/strong><br \/>\n Su dise\u00f1o flexible facilita la dosificaci\u00f3n precisa de cremas, geles y lociones.<br \/>\nFabricado en pl\u00e1stico resistente, es una excelente opci\u00f3n para marcas que buscan envases pr\u00e1cticos y seguros.<\/p>\n","protected":false},"featured_media":370,"comment_status":"open","ping_status":"closed","template":"","meta":[],"product_brand":[],"product_cat":[30,35],"product_tag":[],"class_list":{"0":"post-273","1":"product","2":"type-product","3":"status-publish","4":"has-post-thumbnail","6":"product_cat-cosmetica-2","7":"product_cat-farmaceutica","9":"first","10":"instock","11":"shipping-taxable","12":"product-type-simple"},"jetpack_sharing_enabled":true,"_links":{"self":[{"href":"https:\/\/plasticosjalmex.mx\/index.php\/wp-json\/wp\/v2\/product\/273","targetHints":{"allow":["GET"]}}],"collection":[{"href":"https:\/\/plasticosjalmex.mx\/index.php\/wp-json\/wp\/v2\/product"}],"about":[{"href":"https:\/\/plasticosjalmex.mx\/index.php\/wp-json\/wp\/v2\/types\/product"}],"replies":[{"embeddable":true,"href":"https:\/\/plasticosjalmex.mx\/index.php\/wp-json\/wp\/v2\/comments?post=273"}],"wp:featuredmedia":[{"embeddable":true,"href":"https:\/\/plasticosjalmex.mx\/index.php\/wp-json\/wp\/v2\/media\/370"}],"wp:attachment":[{"href":"https:\/\/plasticosjalmex.mx\/index.php\/wp-json\/wp\/v2\/media?parent=273"}],"wp:term":[{"taxonomy":"product_brand","embeddable":true,"href":"https:\/\/plasticosjalmex.mx\/index.php\/wp-json\/wp\/v2\/product_brand?post=273"},{"taxonomy":"product_cat","embeddable":true,"href":"https:\/\/plasticosjalmex.mx\/index.php\/wp-json\/wp\/v2\/product_cat?post=273"},{"taxonomy":"product_tag","embeddable":true,"href":"https:\/\/plasticosjalmex.mx\/index.php\/wp-json\/wp\/v2\/product_tag?post=273"}],"curies":[{"name":"wp","href":"https:\/\/api.w.org\/{rel}","templated":true}]}}