{"id":271,"date":"2026-02-10T23:34:26","date_gmt":"2026-02-10T23:34:26","guid":{"rendered":"https:\/\/plasticosjalmex.mx\/?post_type=product&#038;p=271"},"modified":"2026-04-07T02:29:12","modified_gmt":"2026-04-07T02:29:12","slug":"cilindrico-60-ml-con-valvula","status":"publish","type":"product","link":"https:\/\/plasticosjalmex.mx\/index.php\/producto\/cilindrico-60-ml-con-valvula\/","title":{"rendered":"Cil\u00edndrico 60 ml con v\u00e1lvula"},"content":{"rendered":"<p><strong>Soluci\u00f3n perfecta para productos l\u00edquidos que requieren dosificaci\u00f3n controlada, como geles, aceites o sanitizantes<\/strong><\/p>\n<p>Permite una dosificaci\u00f3n precisa y es ideal para marcas de cuidado personal. <\/p>\n","protected":false},"excerpt":{"rendered":"<p><strong>Soluci\u00f3n perfecta para productos l\u00edquidos que requieren dosificaci\u00f3n controlada, como geles, aceites o sanitizantes<\/strong><\/p>\n<p>Permite una dosificaci\u00f3n precisa y es ideal para marcas de cuidado personal. <\/p>\n","protected":false},"featured_media":402,"comment_status":"open","ping_status":"closed","template":"","meta":[],"product_brand":[],"product_cat":[30],"product_tag":[],"class_list":{"0":"post-271","1":"product","2":"type-product","3":"status-publish","4":"has-post-thumbnail","6":"product_cat-cosmetica-2","8":"first","9":"instock","10":"shipping-taxable","11":"product-type-simple"},"jetpack_sharing_enabled":true,"_links":{"self":[{"href":"https:\/\/plasticosjalmex.mx\/index.php\/wp-json\/wp\/v2\/product\/271","targetHints":{"allow":["GET"]}}],"collection":[{"href":"https:\/\/plasticosjalmex.mx\/index.php\/wp-json\/wp\/v2\/product"}],"about":[{"href":"https:\/\/plasticosjalmex.mx\/index.php\/wp-json\/wp\/v2\/types\/product"}],"replies":[{"embeddable":true,"href":"https:\/\/plasticosjalmex.mx\/index.php\/wp-json\/wp\/v2\/comments?post=271"}],"wp:featuredmedia":[{"embeddable":true,"href":"https:\/\/plasticosjalmex.mx\/index.php\/wp-json\/wp\/v2\/media\/402"}],"wp:attachment":[{"href":"https:\/\/plasticosjalmex.mx\/index.php\/wp-json\/wp\/v2\/media?parent=271"}],"wp:term":[{"taxonomy":"product_brand","embeddable":true,"href":"https:\/\/plasticosjalmex.mx\/index.php\/wp-json\/wp\/v2\/product_brand?post=271"},{"taxonomy":"product_cat","embeddable":true,"href":"https:\/\/plasticosjalmex.mx\/index.php\/wp-json\/wp\/v2\/product_cat?post=271"},{"taxonomy":"product_tag","embeddable":true,"href":"https:\/\/plasticosjalmex.mx\/index.php\/wp-json\/wp\/v2\/product_tag?post=271"}],"curies":[{"name":"wp","href":"https:\/\/api.w.org\/{rel}","templated":true}]}}