{"id":269,"date":"2026-02-10T23:29:54","date_gmt":"2026-02-10T23:29:54","guid":{"rendered":"https:\/\/plasticosjalmex.mx\/?post_type=product&#038;p=269"},"modified":"2026-03-10T01:59:02","modified_gmt":"2026-03-10T01:59:02","slug":"chochero-con-tapa-blanca","status":"publish","type":"product","link":"https:\/\/plasticosjalmex.mx\/index.php\/producto\/chochero-con-tapa-blanca\/","title":{"rendered":"Chochero con tapa blanca"},"content":{"rendered":"<p><strong>Envase funcional para alimentos, l\u00edquidos y productos especializados<\/strong><br \/>\n Su tapa blanca garantiza higiene y seguridad. Es pr\u00e1ctico, vers\u00e1til e ideal para m\u00faltiples industrias. <\/p>\n","protected":false},"excerpt":{"rendered":"<p><strong>Envase funcional para alimentos, l\u00edquidos y productos especializados<\/strong><br \/>\n Su tapa blanca garantiza higiene y seguridad. Es pr\u00e1ctico, vers\u00e1til e ideal para m\u00faltiples industrias. <\/p>\n","protected":false},"featured_media":369,"comment_status":"open","ping_status":"closed","template":"","meta":[],"product_brand":[],"product_cat":[32,35],"product_tag":[],"class_list":{"0":"post-269","1":"product","2":"type-product","3":"status-publish","4":"has-post-thumbnail","6":"product_cat-alimentos-2","7":"product_cat-farmaceutica","9":"first","10":"instock","11":"shipping-taxable","12":"product-type-simple"},"jetpack_sharing_enabled":true,"_links":{"self":[{"href":"https:\/\/plasticosjalmex.mx\/index.php\/wp-json\/wp\/v2\/product\/269","targetHints":{"allow":["GET"]}}],"collection":[{"href":"https:\/\/plasticosjalmex.mx\/index.php\/wp-json\/wp\/v2\/product"}],"about":[{"href":"https:\/\/plasticosjalmex.mx\/index.php\/wp-json\/wp\/v2\/types\/product"}],"replies":[{"embeddable":true,"href":"https:\/\/plasticosjalmex.mx\/index.php\/wp-json\/wp\/v2\/comments?post=269"}],"wp:featuredmedia":[{"embeddable":true,"href":"https:\/\/plasticosjalmex.mx\/index.php\/wp-json\/wp\/v2\/media\/369"}],"wp:attachment":[{"href":"https:\/\/plasticosjalmex.mx\/index.php\/wp-json\/wp\/v2\/media?parent=269"}],"wp:term":[{"taxonomy":"product_brand","embeddable":true,"href":"https:\/\/plasticosjalmex.mx\/index.php\/wp-json\/wp\/v2\/product_brand?post=269"},{"taxonomy":"product_cat","embeddable":true,"href":"https:\/\/plasticosjalmex.mx\/index.php\/wp-json\/wp\/v2\/product_cat?post=269"},{"taxonomy":"product_tag","embeddable":true,"href":"https:\/\/plasticosjalmex.mx\/index.php\/wp-json\/wp\/v2\/product_tag?post=269"}],"curies":[{"name":"wp","href":"https:\/\/api.w.org\/{rel}","templated":true}]}}