{"id":267,"date":"2026-02-10T23:25:50","date_gmt":"2026-02-10T23:25:50","guid":{"rendered":"https:\/\/plasticosjalmex.mx\/?post_type=product&#038;p=267"},"modified":"2026-03-06T21:47:37","modified_gmt":"2026-03-06T21:47:37","slug":"botella-francesa-1-litro-r28-natural","status":"publish","type":"product","link":"https:\/\/plasticosjalmex.mx\/index.php\/producto\/botella-francesa-1-litro-r28-natural\/","title":{"rendered":"Botella Francesa 1 Litro R28 Natural"},"content":{"rendered":"<p><strong>Cl\u00e1sica, elegante y vers\u00e1til. Ideal para productos de limpieza, cosm\u00e9ticos o l\u00edquidos industriales<\/strong><br \/>\n Su acabado natural permite visualizar el contenido y alta capacidad. e<br \/>\nMuy solicitada por fabricantes. <\/p>\n","protected":false},"excerpt":{"rendered":"<p><strong>Cl\u00e1sica, elegante y vers\u00e1til. Ideal para productos de limpieza, cosm\u00e9ticos o l\u00edquidos industriales<\/strong><br \/>\nSu acabado natural permite visualizar el contenido y alta capacidad. e<br \/>\nMuy solicitada por fabricantes. <\/p>\n","protected":false},"featured_media":368,"comment_status":"open","ping_status":"closed","template":"","meta":[],"product_brand":[],"product_cat":[30,33,34],"product_tag":[],"class_list":{"0":"post-267","1":"product","2":"type-product","3":"status-publish","4":"has-post-thumbnail","6":"product_cat-cosmetica-2","7":"product_cat-industrial-2","8":"product_cat-limpieza-2","10":"first","11":"instock","12":"shipping-taxable","13":"product-type-simple"},"jetpack_sharing_enabled":true,"_links":{"self":[{"href":"https:\/\/plasticosjalmex.mx\/index.php\/wp-json\/wp\/v2\/product\/267","targetHints":{"allow":["GET"]}}],"collection":[{"href":"https:\/\/plasticosjalmex.mx\/index.php\/wp-json\/wp\/v2\/product"}],"about":[{"href":"https:\/\/plasticosjalmex.mx\/index.php\/wp-json\/wp\/v2\/types\/product"}],"replies":[{"embeddable":true,"href":"https:\/\/plasticosjalmex.mx\/index.php\/wp-json\/wp\/v2\/comments?post=267"}],"wp:featuredmedia":[{"embeddable":true,"href":"https:\/\/plasticosjalmex.mx\/index.php\/wp-json\/wp\/v2\/media\/368"}],"wp:attachment":[{"href":"https:\/\/plasticosjalmex.mx\/index.php\/wp-json\/wp\/v2\/media?parent=267"}],"wp:term":[{"taxonomy":"product_brand","embeddable":true,"href":"https:\/\/plasticosjalmex.mx\/index.php\/wp-json\/wp\/v2\/product_brand?post=267"},{"taxonomy":"product_cat","embeddable":true,"href":"https:\/\/plasticosjalmex.mx\/index.php\/wp-json\/wp\/v2\/product_cat?post=267"},{"taxonomy":"product_tag","embeddable":true,"href":"https:\/\/plasticosjalmex.mx\/index.php\/wp-json\/wp\/v2\/product_tag?post=267"}],"curies":[{"name":"wp","href":"https:\/\/api.w.org\/{rel}","templated":true}]}}