{"id":265,"date":"2026-02-10T23:21:56","date_gmt":"2026-02-10T23:21:56","guid":{"rendered":"https:\/\/plasticosjalmex.mx\/?post_type=product&#038;p=265"},"modified":"2026-04-07T02:32:29","modified_gmt":"2026-04-07T02:32:29","slug":"botella-squeeze-500-ml","status":"publish","type":"product","link":"https:\/\/plasticosjalmex.mx\/index.php\/producto\/botella-squeeze-500-ml\/","title":{"rendered":"Botella Squeeze 500 ml"},"content":{"rendered":"<p><strong>Flexible y pr\u00e1ctica, perfecta para bebidas, suplementos, productos deportivos o alimenticios<\/strong><br \/>\n Facilita el consumo directo y mejora la experiencia del usuario.<br \/>\nSu dise\u00f1o es funcional y de f\u00e1cil dosificaci\u00f3n, ideal para consumo on-the-go que se caracteriza por su practicidad e inmediatez. <\/p>\n","protected":false},"excerpt":{"rendered":"<p><strong>Flexible y pr\u00e1ctica, perfecta para bebidas, suplementos, productos deportivos o alimenticios<\/strong><br \/>\n Facilita el consumo directo y mejora la experiencia del usuario.<br \/>\nSu dise\u00f1o es funcional y de f\u00e1cil dosificaci\u00f3n, ideal para consumo on-the-go que se caracteriza por su practicidad e inmediatez. <\/p>\n","protected":false},"featured_media":403,"comment_status":"open","ping_status":"closed","template":"","meta":[],"product_brand":[],"product_cat":[32],"product_tag":[],"class_list":{"0":"post-265","1":"product","2":"type-product","3":"status-publish","4":"has-post-thumbnail","6":"product_cat-alimentos-2","8":"first","9":"instock","10":"shipping-taxable","11":"product-type-simple"},"jetpack_sharing_enabled":true,"_links":{"self":[{"href":"https:\/\/plasticosjalmex.mx\/index.php\/wp-json\/wp\/v2\/product\/265","targetHints":{"allow":["GET"]}}],"collection":[{"href":"https:\/\/plasticosjalmex.mx\/index.php\/wp-json\/wp\/v2\/product"}],"about":[{"href":"https:\/\/plasticosjalmex.mx\/index.php\/wp-json\/wp\/v2\/types\/product"}],"replies":[{"embeddable":true,"href":"https:\/\/plasticosjalmex.mx\/index.php\/wp-json\/wp\/v2\/comments?post=265"}],"wp:featuredmedia":[{"embeddable":true,"href":"https:\/\/plasticosjalmex.mx\/index.php\/wp-json\/wp\/v2\/media\/403"}],"wp:attachment":[{"href":"https:\/\/plasticosjalmex.mx\/index.php\/wp-json\/wp\/v2\/media?parent=265"}],"wp:term":[{"taxonomy":"product_brand","embeddable":true,"href":"https:\/\/plasticosjalmex.mx\/index.php\/wp-json\/wp\/v2\/product_brand?post=265"},{"taxonomy":"product_cat","embeddable":true,"href":"https:\/\/plasticosjalmex.mx\/index.php\/wp-json\/wp\/v2\/product_cat?post=265"},{"taxonomy":"product_tag","embeddable":true,"href":"https:\/\/plasticosjalmex.mx\/index.php\/wp-json\/wp\/v2\/product_tag?post=265"}],"curies":[{"name":"wp","href":"https:\/\/api.w.org\/{rel}","templated":true}]}}