{"id":235,"date":"2026-02-06T00:56:54","date_gmt":"2026-02-06T00:56:54","guid":{"rendered":"https:\/\/plasticosjalmex.mx\/?post_type=product&#038;p=235"},"modified":"2026-02-16T00:58:38","modified_gmt":"2026-02-16T00:58:38","slug":"botella-salsera-300-ml","status":"publish","type":"product","link":"https:\/\/plasticosjalmex.mx\/index.php\/producto\/botella-salsera-300-ml\/","title":{"rendered":"Botella salsera 300 ml"},"content":{"rendered":"<p><strong>Envase profesional para salsas, mayor capacidad y durabilidad<\/strong><\/p>\n<p>Fabricada con pl\u00e1stico de grado alimenticio de alto impacto, est\u00e1 hecha para el uso rudo diario. Resistente a ca\u00eddas accidentales y al manejo constante, es una inversi\u00f3n que perdura.<br \/>\nBotella salsera de 300 ml, ideal para alto consumo. Dise\u00f1o robusto para salsas, aderezos y jarabes. Material alimenticio que preserva la calidad. Perfecta para restaurantes, comedores y cocinas industriales.<\/p>\n","protected":false},"excerpt":{"rendered":"<p><strong>Envase profesional para salsas, mayor capacidad y durabilidad<\/strong><\/p>\n<p>Fabricada con pl\u00e1stico de grado alimenticio de alto impacto, est\u00e1 hecha para el uso rudo diario. Resistente a ca\u00eddas accidentales y al manejo constante, es una inversi\u00f3n que perdura.<br \/>\nBotella salsera de 300 ml, ideal para alto consumo. Dise\u00f1o robusto para salsas, aderezos y jarabes. Material alimenticio que preserva la calidad. Perfecta para restaurantes, comedores y cocinas industriales.<\/p>\n","protected":false},"featured_media":354,"comment_status":"open","ping_status":"closed","template":"","meta":[],"product_brand":[],"product_cat":[32],"product_tag":[],"class_list":{"0":"post-235","1":"product","2":"type-product","3":"status-publish","4":"has-post-thumbnail","6":"product_cat-alimentos-2","8":"first","9":"instock","10":"shipping-taxable","11":"product-type-simple"},"jetpack_sharing_enabled":true,"_links":{"self":[{"href":"https:\/\/plasticosjalmex.mx\/index.php\/wp-json\/wp\/v2\/product\/235","targetHints":{"allow":["GET"]}}],"collection":[{"href":"https:\/\/plasticosjalmex.mx\/index.php\/wp-json\/wp\/v2\/product"}],"about":[{"href":"https:\/\/plasticosjalmex.mx\/index.php\/wp-json\/wp\/v2\/types\/product"}],"replies":[{"embeddable":true,"href":"https:\/\/plasticosjalmex.mx\/index.php\/wp-json\/wp\/v2\/comments?post=235"}],"wp:featuredmedia":[{"embeddable":true,"href":"https:\/\/plasticosjalmex.mx\/index.php\/wp-json\/wp\/v2\/media\/354"}],"wp:attachment":[{"href":"https:\/\/plasticosjalmex.mx\/index.php\/wp-json\/wp\/v2\/media?parent=235"}],"wp:term":[{"taxonomy":"product_brand","embeddable":true,"href":"https:\/\/plasticosjalmex.mx\/index.php\/wp-json\/wp\/v2\/product_brand?post=235"},{"taxonomy":"product_cat","embeddable":true,"href":"https:\/\/plasticosjalmex.mx\/index.php\/wp-json\/wp\/v2\/product_cat?post=235"},{"taxonomy":"product_tag","embeddable":true,"href":"https:\/\/plasticosjalmex.mx\/index.php\/wp-json\/wp\/v2\/product_tag?post=235"}],"curies":[{"name":"wp","href":"https:\/\/api.w.org\/{rel}","templated":true}]}}