{"id":225,"date":"2026-02-06T00:34:52","date_gmt":"2026-02-06T00:34:52","guid":{"rendered":"https:\/\/plasticosjalmex.mx\/?post_type=product&#038;p=225"},"modified":"2026-02-16T00:56:37","modified_gmt":"2026-02-16T00:56:37","slug":"botella-salsera-200-ml-salsera","status":"publish","type":"product","link":"https:\/\/plasticosjalmex.mx\/index.php\/producto\/botella-salsera-200-ml-salsera\/","title":{"rendered":"Botella salsera 200 ml"},"content":{"rendered":"<p><strong>La cl\u00e1sica y pr\u00e1ctica para preservar sabor y maximizar tu rotaci\u00f3n<\/strong><\/p>\n<p>Dise\u00f1ada pensando en la funcionalidad y la rentabilidad, este envase es el compa\u00f1ero indispensable para cualquier negocio de alimentos o hogar exigente.<\/p>\n<p>Al asegurar la perfecta conservaci\u00f3n del producto y agilizar el servicio, reduces mermas y aumentas la satisfacci\u00f3n del cliente final. Su dise\u00f1o probado y confiable garantiza una alta rotaci\u00f3n en cualquier establecimiento.<\/p>\n","protected":false},"excerpt":{"rendered":"<p><strong>La cl\u00e1sica y pr\u00e1ctica para preservar sabor y maximizar tu rotaci\u00f3n<\/strong><\/p>\n<p>Dise\u00f1ada pensando en la funcionalidad y la rentabilidad, este envase es el compa\u00f1ero indispensable para cualquier negocio de alimentos o hogar exigente.<\/p>\n<p>Al asegurar la perfecta conservaci\u00f3n del producto y agilizar el servicio, reduces mermas y aumentas la satisfacci\u00f3n del cliente final. Su dise\u00f1o probado y confiable garantiza una alta rotaci\u00f3n en cualquier establecimiento.<\/p>\n","protected":false},"featured_media":352,"comment_status":"open","ping_status":"closed","template":"","meta":[],"product_brand":[],"product_cat":[32],"product_tag":[],"class_list":{"0":"post-225","1":"product","2":"type-product","3":"status-publish","4":"has-post-thumbnail","6":"product_cat-alimentos-2","8":"first","9":"instock","10":"shipping-taxable","11":"product-type-simple"},"jetpack_sharing_enabled":true,"_links":{"self":[{"href":"https:\/\/plasticosjalmex.mx\/index.php\/wp-json\/wp\/v2\/product\/225","targetHints":{"allow":["GET"]}}],"collection":[{"href":"https:\/\/plasticosjalmex.mx\/index.php\/wp-json\/wp\/v2\/product"}],"about":[{"href":"https:\/\/plasticosjalmex.mx\/index.php\/wp-json\/wp\/v2\/types\/product"}],"replies":[{"embeddable":true,"href":"https:\/\/plasticosjalmex.mx\/index.php\/wp-json\/wp\/v2\/comments?post=225"}],"wp:featuredmedia":[{"embeddable":true,"href":"https:\/\/plasticosjalmex.mx\/index.php\/wp-json\/wp\/v2\/media\/352"}],"wp:attachment":[{"href":"https:\/\/plasticosjalmex.mx\/index.php\/wp-json\/wp\/v2\/media?parent=225"}],"wp:term":[{"taxonomy":"product_brand","embeddable":true,"href":"https:\/\/plasticosjalmex.mx\/index.php\/wp-json\/wp\/v2\/product_brand?post=225"},{"taxonomy":"product_cat","embeddable":true,"href":"https:\/\/plasticosjalmex.mx\/index.php\/wp-json\/wp\/v2\/product_cat?post=225"},{"taxonomy":"product_tag","embeddable":true,"href":"https:\/\/plasticosjalmex.mx\/index.php\/wp-json\/wp\/v2\/product_tag?post=225"}],"curies":[{"name":"wp","href":"https:\/\/api.w.org\/{rel}","templated":true}]}}