{"id":219,"date":"2026-02-05T23:28:38","date_gmt":"2026-02-05T23:28:38","guid":{"rendered":"https:\/\/plasticosjalmex.mx\/?post_type=product&#038;p=219"},"modified":"2026-02-16T00:35:10","modified_gmt":"2026-02-16T00:35:10","slug":"botella-50-ml-licorera-r20-transparente","status":"publish","type":"product","link":"https:\/\/plasticosjalmex.mx\/index.php\/producto\/botella-50-ml-licorera-r20-transparente\/","title":{"rendered":"Botella 50 ml Licorera R20 transparente"},"content":{"rendered":"<p><strong>Elegancia en miniatura para productos premium<\/strong><\/p>\n<p>Dise\u00f1o cl\u00e1sico y elegante que a\u00f1ade valor percibido a cualquier l\u00edquido. Crea una percepci\u00f3n de exclusividad y detalle.<\/p>\n<p>Aplicaciones Recomendadas: Licores premium (whisky, tequila, vodka), aceites gourmet de oliva, vinagres bals\u00e1micos, perfumes, productos cosm\u00e9ticos de lujo y suplementos l\u00edquidos.<br \/>\nSu dise\u00f1o inspirado en botellas de licor la diferencia de cualquier envase gen\u00e9rico. Convierte una peque\u00f1a cantidad de producto en un objeto de deseo.<\/p>\n","protected":false},"excerpt":{"rendered":"<p><strong>Elegancia en miniatura para productos premium<\/strong><\/p>\n<p>Dise\u00f1o cl\u00e1sico y elegante que a\u00f1ade valor percibido a cualquier l\u00edquido. Crea una percepci\u00f3n de exclusividad y detalle.<\/p>\n<p>Aplicaciones Recomendadas: Licores premium (whisky, tequila, vodka), aceites gourmet de oliva, vinagres bals\u00e1micos, perfumes, productos cosm\u00e9ticos de lujo y suplementos l\u00edquidos.<br \/>\nSu dise\u00f1o inspirado en botellas de licor la diferencia de cualquier envase gen\u00e9rico. Convierte una peque\u00f1a cantidad de producto en un objeto de deseo.<\/p>\n","protected":false},"featured_media":348,"comment_status":"open","ping_status":"closed","template":"","meta":[],"product_brand":[],"product_cat":[32],"product_tag":[],"class_list":{"0":"post-219","1":"product","2":"type-product","3":"status-publish","4":"has-post-thumbnail","6":"product_cat-alimentos-2","8":"first","9":"instock","10":"shipping-taxable","11":"product-type-simple"},"jetpack_sharing_enabled":true,"_links":{"self":[{"href":"https:\/\/plasticosjalmex.mx\/index.php\/wp-json\/wp\/v2\/product\/219","targetHints":{"allow":["GET"]}}],"collection":[{"href":"https:\/\/plasticosjalmex.mx\/index.php\/wp-json\/wp\/v2\/product"}],"about":[{"href":"https:\/\/plasticosjalmex.mx\/index.php\/wp-json\/wp\/v2\/types\/product"}],"replies":[{"embeddable":true,"href":"https:\/\/plasticosjalmex.mx\/index.php\/wp-json\/wp\/v2\/comments?post=219"}],"wp:featuredmedia":[{"embeddable":true,"href":"https:\/\/plasticosjalmex.mx\/index.php\/wp-json\/wp\/v2\/media\/348"}],"wp:attachment":[{"href":"https:\/\/plasticosjalmex.mx\/index.php\/wp-json\/wp\/v2\/media?parent=219"}],"wp:term":[{"taxonomy":"product_brand","embeddable":true,"href":"https:\/\/plasticosjalmex.mx\/index.php\/wp-json\/wp\/v2\/product_brand?post=219"},{"taxonomy":"product_cat","embeddable":true,"href":"https:\/\/plasticosjalmex.mx\/index.php\/wp-json\/wp\/v2\/product_cat?post=219"},{"taxonomy":"product_tag","embeddable":true,"href":"https:\/\/plasticosjalmex.mx\/index.php\/wp-json\/wp\/v2\/product_tag?post=219"}],"curies":[{"name":"wp","href":"https:\/\/api.w.org\/{rel}","templated":true}]}}