{"id":215,"date":"2026-02-05T23:04:27","date_gmt":"2026-02-05T23:04:27","guid":{"rendered":"https:\/\/plasticosjalmex.mx\/?post_type=product&#038;p=215"},"modified":"2026-02-16T00:25:56","modified_gmt":"2026-02-16T00:25:56","slug":"bitrolero-medio-galon-transparente","status":"publish","type":"product","link":"https:\/\/plasticosjalmex.mx\/index.php\/producto\/bitrolero-medio-galon-transparente\/","title":{"rendered":"Bitrolero medio gal\u00f3n transparente"},"content":{"rendered":"<p><strong>El envase que aumenta tus ventas al instante <\/strong><\/p>\n<p>Muestra la pureza y calidad de su producto, este envase ofrece visibilidad total que genera confianza inmediata en sus clientes y acelera la rotaci\u00f3n en el anaquel. <\/p>\n<p>Ideal para aceites comestibles, productos qu\u00edmicos, l\u00edquidos automotrices, bebidas artesanales y alimentos l\u00edquidos, su dise\u00f1o robusto con base anti-volcadura y garganta ancha facilita el envasado y transporte industrial.<\/p>\n","protected":false},"excerpt":{"rendered":"<p><strong>El envase que aumenta tus ventas al instante <\/strong><\/p>\n<p>Muestra la pureza y calidad de su producto, este envase ofrece visibilidad total que genera confianza inmediata en sus clientes y acelera la rotaci\u00f3n en el anaquel. <\/p>\n<p>Ideal para aceites comestibles, productos qu\u00edmicos, l\u00edquidos automotrices, bebidas artesanales y alimentos l\u00edquidos, su dise\u00f1o robusto con base anti-volcadura y garganta ancha facilita el envasado y transporte industrial.<\/p>\n","protected":false},"featured_media":345,"comment_status":"open","ping_status":"closed","template":"","meta":[],"product_brand":[],"product_cat":[29],"product_tag":[],"class_list":{"0":"post-215","1":"product","2":"type-product","3":"status-publish","4":"has-post-thumbnail","6":"product_cat-naturismo-2","8":"first","9":"instock","10":"shipping-taxable","11":"product-type-simple"},"jetpack_sharing_enabled":true,"_links":{"self":[{"href":"https:\/\/plasticosjalmex.mx\/index.php\/wp-json\/wp\/v2\/product\/215","targetHints":{"allow":["GET"]}}],"collection":[{"href":"https:\/\/plasticosjalmex.mx\/index.php\/wp-json\/wp\/v2\/product"}],"about":[{"href":"https:\/\/plasticosjalmex.mx\/index.php\/wp-json\/wp\/v2\/types\/product"}],"replies":[{"embeddable":true,"href":"https:\/\/plasticosjalmex.mx\/index.php\/wp-json\/wp\/v2\/comments?post=215"}],"wp:featuredmedia":[{"embeddable":true,"href":"https:\/\/plasticosjalmex.mx\/index.php\/wp-json\/wp\/v2\/media\/345"}],"wp:attachment":[{"href":"https:\/\/plasticosjalmex.mx\/index.php\/wp-json\/wp\/v2\/media?parent=215"}],"wp:term":[{"taxonomy":"product_brand","embeddable":true,"href":"https:\/\/plasticosjalmex.mx\/index.php\/wp-json\/wp\/v2\/product_brand?post=215"},{"taxonomy":"product_cat","embeddable":true,"href":"https:\/\/plasticosjalmex.mx\/index.php\/wp-json\/wp\/v2\/product_cat?post=215"},{"taxonomy":"product_tag","embeddable":true,"href":"https:\/\/plasticosjalmex.mx\/index.php\/wp-json\/wp\/v2\/product_tag?post=215"}],"curies":[{"name":"wp","href":"https:\/\/api.w.org\/{rel}","templated":true}]}}